{"id":350,"date":"2024-02-14T21:52:07","date_gmt":"2024-02-14T20:52:07","guid":{"rendered":"https:\/\/ecommerce.pplegalsolutions.pl\/kim-jestem-2\/"},"modified":"2024-02-14T21:52:07","modified_gmt":"2024-02-14T20:52:07","slug":"kim-jestem-2","status":"publish","type":"page","link":"https:\/\/ecommerce.pplegalsolutions.pl\/kim-jestem-2\/","title":{"rendered":"Kim jestem"},"content":{"rendered":"<div class=\"wp-block-image\">\n<figure class=\"aligncenter size-full is-resized\"><img loading=\"lazy\" decoding=\"async\" width=\"552\" height=\"593\" src=\"https:\/\/pplegalsolutions.pl\/wp-content\/uploads\/2024\/02\/signal-2023-10-17-142340_002.jpg\" alt=\"\" class=\"wp-image-223\" style=\"width:552px;height:auto\" srcset=\"https:\/\/ecommerce.pplegalsolutions.pl\/wp-content\/uploads\/sites\/8\/2024\/02\/signal-2023-10-17-142340_002.jpg 552w, https:\/\/ecommerce.pplegalsolutions.pl\/wp-content\/uploads\/sites\/8\/2024\/02\/signal-2023-10-17-142340_002-279x300.jpg 279w\" sizes=\"auto, (max-width: 552px) 100vw, 552px\" \/><\/figure>\n<\/div>\n\n\n<h2 class=\"wp-block-heading has-text-align-center\"><strong>Przemys\u0142aw Pietrzak<\/strong><\/h2>\n\n\n\n<blockquote class=\"wp-block-quote is-layout-flow wp-block-quote-is-layout-flow\">\n<p>Prawnik, cz\u0142onek Rady Dialogu z M\u0142odym Pokoleniem II i III kadencji. Poprzednio tak\u017ce cz\u0142onek Komitetu Monitoruj\u0105cego Program Fundusze Europejskie dla Nowoczesnej Gospodarki 2021-2027, kierowa\u0142 pracami wydawnictwa naukowego oraz redakcji czasopisma naukowego wpisanymi do wykaz\u00f3w Ministra Edukacji i Nauki.<\/p>\n<\/blockquote>\n\n\n\n<blockquote class=\"wp-block-quote is-layout-flow wp-block-quote-is-layout-flow\">\n<p>Absolwent programu \u201eProfessional Certificate in World Politics &amp; International Negotiation\u201d w Nowym Jorku, a tak\u017ce szko\u0142y letniej \u201eThe legal system and justice system of the U.S. in the global context\u201d zorganizowanej przez Centrum Prawa Ameryka\u0144skiego przy Wydziale Prawa i Administracji Uniwersytetu Warszawskiego. Do\u015bwiadczenie zdobywa\u0142, pracuj\u0105c m.in. w warszawskich kancelariach prawnych, Ministerstwie Sprawiedliwo\u015bci, Sta\u0142ym Przedstawicielstwie Rzeczypospolitej Polskiej przy Unii Europejskiej w Brukseli, Szkole Wy\u017cszej Wymiaru Sprawiedliwo\u015bci (obecna Akademia Wymiaru Sprawiedliwo\u015bci) oraz Instytucie Wymiaru Sprawiedliwo\u015bci w Warszawie.<\/p>\n<\/blockquote>\n\n\n\n<blockquote class=\"wp-block-quote is-layout-flow wp-block-quote-is-layout-flow\">\n<p>Autor publikacji i analiz z zakresu r\u00f3\u017cnych dziedzin prawa.<\/p>\n<\/blockquote>\n","protected":false},"excerpt":{"rendered":"<p>Przemys\u0142aw Pietrzak Prawnik, cz\u0142onek Rady Dialogu z M\u0142odym Pokoleniem II i III kadencji. Poprzednio tak\u017ce cz\u0142onek Komitetu Monitoruj\u0105cego Program Fundusze Europejskie dla Nowoczesnej Gospodarki 2021-2027, kierowa\u0142 pracami wydawnictwa naukowego oraz redakcji czasopisma naukowego wpisanymi do wykaz\u00f3w Ministra Edukacji i Nauki. Absolwent programu \u201eProfessional Certificate in World Politics &amp; International Negotiation\u201d w Nowym Jorku, a tak\u017ce [&hellip;]<\/p>\n","protected":false},"author":1,"featured_media":0,"parent":0,"menu_order":0,"comment_status":"closed","ping_status":"closed","template":"","meta":{"_acf_changed":false,"footnotes":""},"class_list":["post-350","page","type-page","status-publish","hentry"],"acf":[],"_links":{"self":[{"href":"https:\/\/ecommerce.pplegalsolutions.pl\/pl\/wp-json\/wp\/v2\/pages\/350","targetHints":{"allow":["GET"]}}],"collection":[{"href":"https:\/\/ecommerce.pplegalsolutions.pl\/pl\/wp-json\/wp\/v2\/pages"}],"about":[{"href":"https:\/\/ecommerce.pplegalsolutions.pl\/pl\/wp-json\/wp\/v2\/types\/page"}],"author":[{"embeddable":true,"href":"https:\/\/ecommerce.pplegalsolutions.pl\/pl\/wp-json\/wp\/v2\/users\/1"}],"replies":[{"embeddable":true,"href":"https:\/\/ecommerce.pplegalsolutions.pl\/pl\/wp-json\/wp\/v2\/comments?post=350"}],"version-history":[{"count":0,"href":"https:\/\/ecommerce.pplegalsolutions.pl\/pl\/wp-json\/wp\/v2\/pages\/350\/revisions"}],"wp:attachment":[{"href":"https:\/\/ecommerce.pplegalsolutions.pl\/pl\/wp-json\/wp\/v2\/media?parent=350"}],"curies":[{"name":"wp","href":"https:\/\/api.w.org\/{rel}","templated":true}]}}