{"id":213,"date":"2024-02-14T22:56:11","date_gmt":"2024-02-14T21:56:11","guid":{"rendered":"https:\/\/pplegalsolutions.pl\/?page_id=213"},"modified":"2024-02-14T22:56:11","modified_gmt":"2024-02-14T21:56:11","slug":"dzialalnosc-regulowana","status":"publish","type":"page","link":"https:\/\/ecommerce.pplegalsolutions.pl\/oferta\/dzialalnosc-regulowana\/","title":{"rendered":"Dzia\u0142alno\u015b\u0107 regulowana"},"content":{"rendered":"","protected":false},"excerpt":{"rendered":"","protected":false},"author":1,"featured_media":0,"parent":187,"menu_order":0,"comment_status":"closed","ping_status":"closed","template":"","meta":{"_acf_changed":false,"footnotes":""},"class_list":["post-213","page","type-page","status-publish","hentry"],"acf":[],"_links":{"self":[{"href":"https:\/\/ecommerce.pplegalsolutions.pl\/pl\/wp-json\/wp\/v2\/pages\/213","targetHints":{"allow":["GET"]}}],"collection":[{"href":"https:\/\/ecommerce.pplegalsolutions.pl\/pl\/wp-json\/wp\/v2\/pages"}],"about":[{"href":"https:\/\/ecommerce.pplegalsolutions.pl\/pl\/wp-json\/wp\/v2\/types\/page"}],"author":[{"embeddable":true,"href":"https:\/\/ecommerce.pplegalsolutions.pl\/pl\/wp-json\/wp\/v2\/users\/1"}],"replies":[{"embeddable":true,"href":"https:\/\/ecommerce.pplegalsolutions.pl\/pl\/wp-json\/wp\/v2\/comments?post=213"}],"version-history":[{"count":0,"href":"https:\/\/ecommerce.pplegalsolutions.pl\/pl\/wp-json\/wp\/v2\/pages\/213\/revisions"}],"up":[{"embeddable":true,"href":"https:\/\/ecommerce.pplegalsolutions.pl\/pl\/wp-json\/wp\/v2\/pages\/187"}],"wp:attachment":[{"href":"https:\/\/ecommerce.pplegalsolutions.pl\/pl\/wp-json\/wp\/v2\/media?parent=213"}],"curies":[{"name":"wp","href":"https:\/\/api.w.org\/{rel}","templated":true}]}}