{"id":187,"date":"2024-02-14T21:51:47","date_gmt":"2024-02-14T20:51:47","guid":{"rendered":"https:\/\/pplegalsolutions.pl\/?page_id=187"},"modified":"2024-02-14T21:51:47","modified_gmt":"2024-02-14T20:51:47","slug":"oferta","status":"publish","type":"page","link":"https:\/\/ecommerce.pplegalsolutions.pl\/oferta\/","title":{"rendered":"Oferta"},"content":{"rendered":"\n<div class=\"wp-block-columns alignwide service-box mx-md-5 mx-0 mt-5 is-layout-flex wp-container-core-columns-is-layout-9d6595d7 wp-block-columns-is-layout-flex\">\n<div class=\"wp-block-column service-content mb-4 is-layout-flow wp-block-column-is-layout-flow\">\n<div class=\"wp-block-buttons is-content-justification-center is-layout-flex wp-container-core-buttons-is-layout-16018d1d wp-block-buttons-is-layout-flex\">\n<div class=\"wp-block-button hvr-sweep-to-right\"><a class=\"wp-block-button__link wp-element-button\">COMPLIANCE<\/a><\/div>\n\n\n\n<div class=\"wp-block-button hvr-sweep-to-right\"><a class=\"wp-block-button__link wp-element-button\">COPYWRITING PRAWNICZY<\/a><\/div>\n\n\n\n<div class=\"wp-block-button hvr-sweep-to-right\"><a class=\"wp-block-button__link wp-element-button\">DZIA\u0141ALNO\u015a\u0106 EKSPERCKA<\/a><\/div>\n\n\n\n<div class=\"wp-block-button hvr-sweep-to-right\"><a class=\"wp-block-button__link wp-element-button\">DZIA\u0141ALNO\u015a\u0106 REGULOWANA<\/a><\/div>\n\n\n\n<div class=\"wp-block-button hvr-sweep-to-right\"><a class=\"wp-block-button__link wp-element-button\">E-COMMERCE<\/a><\/div>\n\n\n\n<div class=\"wp-block-button hvr-sweep-to-right\"><a class=\"wp-block-button__link wp-element-button\">OUTSOURCING US\u0141UG PRAWNICZYCH<\/a><\/div>\n\n\n\n<div class=\"wp-block-button hvr-sweep-to-right\"><a class=\"wp-block-button__link wp-element-button\">T\u0141UMACZENIA PRAWNICZE<\/a><\/div>\n<\/div>\n<\/div>\n<\/div>\n","protected":false},"excerpt":{"rendered":"","protected":false},"author":1,"featured_media":0,"parent":0,"menu_order":0,"comment_status":"closed","ping_status":"closed","template":"","meta":{"_acf_changed":false,"footnotes":""},"class_list":["post-187","page","type-page","status-publish","hentry"],"acf":[],"_links":{"self":[{"href":"https:\/\/ecommerce.pplegalsolutions.pl\/pl\/wp-json\/wp\/v2\/pages\/187","targetHints":{"allow":["GET"]}}],"collection":[{"href":"https:\/\/ecommerce.pplegalsolutions.pl\/pl\/wp-json\/wp\/v2\/pages"}],"about":[{"href":"https:\/\/ecommerce.pplegalsolutions.pl\/pl\/wp-json\/wp\/v2\/types\/page"}],"author":[{"embeddable":true,"href":"https:\/\/ecommerce.pplegalsolutions.pl\/pl\/wp-json\/wp\/v2\/users\/1"}],"replies":[{"embeddable":true,"href":"https:\/\/ecommerce.pplegalsolutions.pl\/pl\/wp-json\/wp\/v2\/comments?post=187"}],"version-history":[{"count":0,"href":"https:\/\/ecommerce.pplegalsolutions.pl\/pl\/wp-json\/wp\/v2\/pages\/187\/revisions"}],"wp:attachment":[{"href":"https:\/\/ecommerce.pplegalsolutions.pl\/pl\/wp-json\/wp\/v2\/media?parent=187"}],"curies":[{"name":"wp","href":"https:\/\/api.w.org\/{rel}","templated":true}]}}